{"id":14901,"date":"2023-04-16T12:04:48","date_gmt":"2023-04-16T10:04:48","guid":{"rendered":"https:\/\/mayarula.si\/?page_id=14901"},"modified":"2024-05-03T18:13:18","modified_gmt":"2024-05-03T16:13:18","slug":"free-consultation","status":"publish","type":"page","link":"https:\/\/mayarula.si\/en\/free-consultation\/","title":{"rendered":"Free consultation"},"content":{"rendered":"\t\t<div data-elementor-type=\"wp-page\" data-elementor-id=\"14901\" class=\"elementor elementor-14901\" data-elementor-post-type=\"page\">\n\t\t\t\t\t\t\t\t\t<section class=\"elementor-section elementor-top-section elementor-element elementor-element-384261c elementor-section-boxed elementor-section-height-default elementor-section-height-default qodef-elementor-content-no\" data-id=\"384261c\" data-element_type=\"section\">\n\t\t\t\t\t\t<div class=\"elementor-container elementor-column-gap-default\">\n\t\t\t\t\t<div class=\"elementor-column elementor-col-100 elementor-top-column elementor-element elementor-element-4cbe693\" data-id=\"4cbe693\" data-element_type=\"column\">\n\t\t\t<div class=\"elementor-widget-wrap\">\n\t\t\t\t\t\t\t\t\t<\/div>\n\t\t<\/div>\n\t\t\t\t\t\t\t<\/div>\n\t\t<\/section>\n\t\t\t\t<section class=\"elementor-section elementor-top-section elementor-element elementor-element-754aeb6 elementor-section-full_width qodef-elementor-content-grid elementor-section-height-default elementor-section-height-default\" data-id=\"754aeb6\" data-element_type=\"section\" data-settings=\"{&quot;background_background&quot;:&quot;classic&quot;}\">\n\t\t\t\t\t\t<div class=\"elementor-container elementor-column-gap-default\">\n\t\t\t\t\t<div class=\"elementor-column elementor-col-100 elementor-top-column elementor-element elementor-element-64985cd\" data-id=\"64985cd\" data-element_type=\"column\" data-settings=\"{&quot;background_background&quot;:&quot;classic&quot;}\">\n\t\t\t<div class=\"elementor-widget-wrap elementor-element-populated\">\n\t\t\t\t\t\t\t\t<div class=\"elementor-element elementor-element-c034817 elementor-widget elementor-widget-marra_core_section_title\" data-id=\"c034817\" data-element_type=\"widget\" data-widget_type=\"marra_core_section_title.default\">\n\t\t\t\t<div class=\"elementor-widget-container\">\n\t\t\t<div class=\"qodef-shortcode qodef-m  qodef-section-title qodef-alignment--left  qodef-layout--2-columns\">\n\t\t<div class=\"qodef-main-content\">\n\t\t\t<h3 class=\"qodef-m-title\" style=\"margin-bottom: 15px\">\n\t\t\t\t\tStress and other negative factors of modern lifestyle cause external or extrinsic aging.\t\t\t<\/h3>\n\t\t\t<p class=\"qodef-m-text\" style=\"margin-top: 2px;color: #666666\">Which is why your skin deserves your attention and proper skin care. Moisturising, adding lipids, adding antioxidants are some of the steps you should take... With my all-natural and certified products, I want to help women to look better on the outside and thus feel better on the inside. <\/p>\n\t<\/div>\n<\/div>\t\t<\/div>\n\t\t\t\t<\/div>\n\t\t\t\t\t<\/div>\n\t\t<\/div>\n\t\t\t\t\t\t\t<\/div>\n\t\t<\/section>\n\t\t\t\t<section class=\"elementor-section elementor-top-section elementor-element elementor-element-d5e2b10 elementor-section-full_width elementor-section-height-default elementor-section-height-default qodef-elementor-content-no\" data-id=\"d5e2b10\" data-element_type=\"section\">\n\t\t\t\t\t\t<div class=\"elementor-container elementor-column-gap-default\">\n\t\t\t\t\t<div class=\"elementor-column elementor-col-50 elementor-top-column elementor-element elementor-element-6cdb970\" data-id=\"6cdb970\" data-element_type=\"column\" data-settings=\"{&quot;background_background&quot;:&quot;classic&quot;}\">\n\t\t\t<div class=\"elementor-widget-wrap elementor-element-populated\">\n\t\t\t\t\t\t\t\t<div class=\"elementor-element elementor-element-4813ede elementor-widget__width-initial elementor-widget-mobile__width-initial elementor-widget elementor-widget-marra_core_section_title\" data-id=\"4813ede\" data-element_type=\"widget\" data-widget_type=\"marra_core_section_title.default\">\n\t\t\t\t<div class=\"elementor-widget-container\">\n\t\t\t<div class=\"qodef-shortcode qodef-m  qodef-section-title qodef-alignment--center  \">\n\t\t<div class=\"qodef-main-content\">\n\t\t\t<h2 class=\"qodef-m-title\" style=\"margin-bottom: 0px;color: #000000\">\n\t\t\t\t\tBook a free 15 min consultation session with me.\t\t\t<\/h2>\n\t\t\t<p class=\"qodef-m-text\" style=\"margin-top: 22px;color: #666666\">The consultation will be tailored to your needs and together we will determine your day and evening skin care routine. As part of the consultation, you will receive two free samples of your choice and a brochure, where all face and body skin care products are explained.<\/p>\n\t<\/div>\n<\/div>\t\t<\/div>\n\t\t\t\t<\/div>\n\t\t\t\t\t<\/div>\n\t\t<\/div>\n\t\t\t\t<div class=\"elementor-column elementor-col-50 elementor-top-column elementor-element elementor-element-f50ea7a\" data-id=\"f50ea7a\" data-element_type=\"column\">\n\t\t\t<div class=\"elementor-widget-wrap elementor-element-populated\">\n\t\t\t\t\t\t\t\t<div class=\"elementor-element elementor-element-d1d064d qodef-custom-appear-right elementor-widget elementor-widget-image\" data-id=\"d1d064d\" data-element_type=\"widget\" data-widget_type=\"image.default\">\n\t\t\t\t<div class=\"elementor-widget-container\">\n\t\t\t<style>\/*! elementor - v3.14.0 - 26-06-2023 *\/\n.elementor-widget-image{text-align:center}.elementor-widget-image a{display:inline-block}.elementor-widget-image a img[src$=\".svg\"]{width:48px}.elementor-widget-image img{vertical-align:middle;display:inline-block}<\/style>\t\t\t\t\t\t\t\t\t\t\t\t<img width=\"2560\" height=\"1703\" src=\"https:\/\/mayarula.si\/wp-content\/uploads\/2024\/05\/DR2_1209-scaled-1.jpg\" class=\"attachment-full size-full wp-image-18227\" alt=\"\" loading=\"lazy\" srcset=\"https:\/\/mayarula.si\/wp-content\/uploads\/2024\/05\/DR2_1209-scaled-1.jpg 2560w, https:\/\/mayarula.si\/wp-content\/uploads\/2024\/05\/DR2_1209-scaled-1-300x200.jpg 300w, https:\/\/mayarula.si\/wp-content\/uploads\/2024\/05\/DR2_1209-scaled-1-1024x681.jpg 1024w, https:\/\/mayarula.si\/wp-content\/uploads\/2024\/05\/DR2_1209-scaled-1-768x511.jpg 768w, https:\/\/mayarula.si\/wp-content\/uploads\/2024\/05\/DR2_1209-scaled-1-1536x1022.jpg 1536w, https:\/\/mayarula.si\/wp-content\/uploads\/2024\/05\/DR2_1209-scaled-1-2048x1362.jpg 2048w, https:\/\/mayarula.si\/wp-content\/uploads\/2024\/05\/DR2_1209-scaled-1-600x399.jpg 600w\" sizes=\"(max-width: 2560px) 100vw, 2560px\" \/>\t\t\t\t\t\t\t\t\t\t\t\t\t\t\t<\/div>\n\t\t\t\t<\/div>\n\t\t\t\t\t<\/div>\n\t\t<\/div>\n\t\t\t\t\t\t\t<\/div>\n\t\t<\/section>\n\t\t\t\t<section class=\"elementor-section elementor-top-section elementor-element elementor-element-0fafa31 elementor-section-full_width qodef-elementor-content-grid elementor-section-height-default elementor-section-height-default\" data-id=\"0fafa31\" data-element_type=\"section\" data-settings=\"{&quot;background_background&quot;:&quot;classic&quot;}\">\n\t\t\t\t\t\t<div class=\"elementor-container elementor-column-gap-default\">\n\t\t\t\t\t<div class=\"elementor-column elementor-col-100 elementor-top-column elementor-element elementor-element-4189e43\" data-id=\"4189e43\" data-element_type=\"column\" data-settings=\"{&quot;background_background&quot;:&quot;classic&quot;}\">\n\t\t\t<div class=\"elementor-widget-wrap elementor-element-populated\">\n\t\t\t\t\t\t\t\t<div class=\"elementor-element elementor-element-8391bb9 elementor-widget elementor-widget-marra_core_section_title\" data-id=\"8391bb9\" data-element_type=\"widget\" data-widget_type=\"marra_core_section_title.default\">\n\t\t\t\t<div class=\"elementor-widget-container\">\n\t\t\t<div class=\"qodef-shortcode qodef-m  qodef-section-title qodef-alignment--left  qodef-layout--2-columns\">\n\t\t<div class=\"qodef-main-content\">\n\t\t\t<h3 class=\"qodef-m-title\" style=\"margin-bottom: 15px\">\n\t\t\t\t\tEmail me at info@mayarula.si or submit the form below.\t\t\t<\/h3>\n\t\t\t<p class=\"qodef-m-text\" style=\"margin-top: 2px;color: #666666\">I&#039;m happy to share any useful tips, and I also learn a lot from you. With your help, I become better every day.<\/p>\n\t<\/div>\n<\/div>\t\t<\/div>\n\t\t\t\t<\/div>\n\t\t\t\t\t<\/div>\n\t\t<\/div>\n\t\t\t\t\t\t\t<\/div>\n\t\t<\/section>\n\t\t\t\t<section class=\"elementor-section elementor-top-section elementor-element elementor-element-50613e1 elementor-section-full_width qodef-elementor-content-grid elementor-section-height-default elementor-section-height-default\" data-id=\"50613e1\" data-element_type=\"section\" data-settings=\"{&quot;background_background&quot;:&quot;classic&quot;}\">\n\t\t\t\t\t\t<div class=\"elementor-container elementor-column-gap-default\">\n\t\t\t\t\t<div class=\"elementor-column elementor-col-100 elementor-top-column elementor-element elementor-element-3977aa7\" data-id=\"3977aa7\" data-element_type=\"column\" data-settings=\"{&quot;background_background&quot;:&quot;classic&quot;}\">\n\t\t\t<div class=\"elementor-widget-wrap elementor-element-populated\">\n\t\t\t\t\t\t\t\t<div class=\"elementor-element elementor-element-68bf096 elementor-widget elementor-widget-marra_core_section_title\" data-id=\"68bf096\" data-element_type=\"widget\" data-widget_type=\"marra_core_section_title.default\">\n\t\t\t\t<div class=\"elementor-widget-container\">\n\t\t\t<div class=\"qodef-shortcode qodef-m  qodef-section-title qodef-alignment--center  \">\n\t\t<div class=\"qodef-m-tagline\" style=\"margin-bottom: -3px;color: #000000\">\n\t\tBook now\t<\/div>\n\t<div class=\"qodef-main-content\">\n\t\t\t<h2 class=\"qodef-m-title\" style=\"color: #000000\">\n\t\t\t\t\tBook your consultation\t\t\t<\/h2>\n\t\t\t<\/div>\n<\/div>\t\t<\/div>\n\t\t\t\t<\/div>\n\t\t\t\t<div class=\"elementor-element elementor-element-ff50d8d elementor-widget elementor-widget-html\" data-id=\"ff50d8d\" data-element_type=\"widget\" data-widget_type=\"html.default\">\n\t\t\t\t<div class=\"elementor-widget-container\">\n\t\t\t<!-- Calendly inline widget begin -->\r\n<div class=\"calendly-inline-widget\" data-url=\"https:\/\/calendly.com\/mayarula\/brezplacen-posvet\" style=\"min-width:320px;height:750px;\"><\/div>\r\n<script type=\"text\/javascript\" src=\"https:\/\/assets.calendly.com\/assets\/external\/widget.js\"><\/script>\r\n<!-- Calendly inline widget end -->\t\t<\/div>\n\t\t\t\t<\/div>\n\t\t\t\t\t<\/div>\n\t\t<\/div>\n\t\t\t\t\t\t\t<\/div>\n\t\t<\/section>\n\t\t\t\t<section class=\"elementor-section elementor-top-section elementor-element elementor-element-6c04a13 elementor-hidden-desktop elementor-hidden-tablet elementor-hidden-mobile elementor-section-boxed elementor-section-height-default elementor-section-height-default qodef-elementor-content-no\" data-id=\"6c04a13\" data-element_type=\"section\">\n\t\t\t\t\t\t<div class=\"elementor-container elementor-column-gap-default\">\n\t\t\t\t\t<div class=\"elementor-column elementor-col-100 elementor-top-column elementor-element elementor-element-b4849f1\" data-id=\"b4849f1\" data-element_type=\"column\">\n\t\t\t<div class=\"elementor-widget-wrap elementor-element-populated\">\n\t\t\t\t\t\t\t\t<div class=\"elementor-element elementor-element-2369660 elementor-widget elementor-widget-marra_core_section_title\" data-id=\"2369660\" data-element_type=\"widget\" data-widget_type=\"marra_core_section_title.default\">\n\t\t\t\t<div class=\"elementor-widget-container\">\n\t\t\t<div class=\"qodef-shortcode qodef-m  qodef-section-title qodef-alignment--center  \">\n\t\t<div class=\"qodef-m-tagline\" style=\"margin-bottom: -3px;color: #000000\">\n\t\tobrazec\t<\/div>\n\t<div class=\"qodef-main-content\">\n\t\t\t<h2 class=\"qodef-m-title\" style=\"color: #000000\">\n\t\t\t\t\tPusti mi sporo\u010dilo\t\t\t<\/h2>\n\t\t\t<\/div>\n<\/div>\t\t<\/div>\n\t\t\t\t<\/div>\n\t\t\t\t<div class=\"elementor-element elementor-element-d662848 elementor-widget elementor-widget-marra_core_section_title\" data-id=\"d662848\" data-element_type=\"widget\" data-widget_type=\"marra_core_section_title.default\">\n\t\t\t\t<div class=\"elementor-widget-container\">\n\t\t\t<div class=\"qodef-shortcode qodef-m  qodef-section-title qodef-alignment--left  qodef-layout--2-columns\">\n\t\t<div class=\"qodef-main-content\">\n\t\t\t<h3 class=\"qodef-m-title\" style=\"margin-bottom: 15px\">\n\t\t\t\t\tPi\u0161i mi na info@mayarula.si ali izpolni spodnji obrazec.\t\t\t<\/h3>\n\t\t\t<p class=\"qodef-m-text\" style=\"margin-top: 2px;color: #666666\">Vesela sem, \u010de lahko podelim kak uporaben nasvet, prav tako se od vas tudi\nmarsi\u010desa nau\u010dim in sem z va\u0161o pomo\u010djo iz dneva v dan le \u0161e bolj\u0161a.<\/p>\n\t<\/div>\n<\/div>\t\t<\/div>\n\t\t\t\t<\/div>\n\t\t\t\t<div class=\"elementor-element elementor-element-3c767e6 qodef-custom-appear-right elementor-widget elementor-widget-image\" data-id=\"3c767e6\" data-element_type=\"widget\" data-widget_type=\"image.default\">\n\t\t\t\t<div class=\"elementor-widget-container\">\n\t\t\t\t\t\t\t\t\t\t\t\t\t\t\t<img width=\"2560\" height=\"1703\" src=\"https:\/\/mayarula.si\/wp-content\/uploads\/2022\/09\/DR2_1209-scaled.jpg\" class=\"attachment-full size-full wp-image-9803\" alt=\"\" loading=\"lazy\" srcset=\"https:\/\/mayarula.si\/wp-content\/uploads\/2022\/09\/DR2_1209-scaled.jpg 2560w, https:\/\/mayarula.si\/wp-content\/uploads\/2022\/09\/DR2_1209-300x200.jpg 300w, https:\/\/mayarula.si\/wp-content\/uploads\/2022\/09\/DR2_1209-1024x681.jpg 1024w, https:\/\/mayarula.si\/wp-content\/uploads\/2022\/09\/DR2_1209-768x511.jpg 768w, https:\/\/mayarula.si\/wp-content\/uploads\/2022\/09\/DR2_1209-1536x1022.jpg 1536w, https:\/\/mayarula.si\/wp-content\/uploads\/2022\/09\/DR2_1209-2048x1363.jpg 2048w, https:\/\/mayarula.si\/wp-content\/uploads\/2022\/09\/DR2_1209-600x399.jpg 600w\" sizes=\"(max-width: 2560px) 100vw, 2560px\" \/>\t\t\t\t\t\t\t\t\t\t\t\t\t\t\t<\/div>\n\t\t\t\t<\/div>\n\t\t\t\t\t<\/div>\n\t\t<\/div>\n\t\t\t\t\t\t\t<\/div>\n\t\t<\/section>\n\t\t\t\t\t\t\t<\/div>\n\t\t","protected":false},"excerpt":{"rendered":"<p>Stress and other negative factors of modern lifestyle cause external or extrinsic aging. Which is why your skin deserves your attention and proper skin care. Moisturising, adding lipids, adding antioxidants are some of the steps you should take&#8230; With my all-natural and certified products, I want to help women to look better on the outside [&hellip;]<\/p>\n","protected":false},"author":10,"featured_media":0,"parent":0,"menu_order":0,"comment_status":"closed","ping_status":"closed","template":"","meta":[],"_links":{"self":[{"href":"https:\/\/mayarula.si\/en\/wp-json\/wp\/v2\/pages\/14901"}],"collection":[{"href":"https:\/\/mayarula.si\/en\/wp-json\/wp\/v2\/pages"}],"about":[{"href":"https:\/\/mayarula.si\/en\/wp-json\/wp\/v2\/types\/page"}],"author":[{"embeddable":true,"href":"https:\/\/mayarula.si\/en\/wp-json\/wp\/v2\/users\/10"}],"replies":[{"embeddable":true,"href":"https:\/\/mayarula.si\/en\/wp-json\/wp\/v2\/comments?post=14901"}],"version-history":[{"count":11,"href":"https:\/\/mayarula.si\/en\/wp-json\/wp\/v2\/pages\/14901\/revisions"}],"predecessor-version":[{"id":18234,"href":"https:\/\/mayarula.si\/en\/wp-json\/wp\/v2\/pages\/14901\/revisions\/18234"}],"wp:attachment":[{"href":"https:\/\/mayarula.si\/en\/wp-json\/wp\/v2\/media?parent=14901"}],"curies":[{"name":"wp","href":"https:\/\/api.w.org\/{rel}","templated":true}]}}