{"id":18059,"date":"2022-07-30T12:10:51","date_gmt":"2022-07-30T10:10:51","guid":{"rendered":"https:\/\/mayarula.si\/?page_id=18059"},"modified":"2024-05-01T13:12:06","modified_gmt":"2024-05-01T11:12:06","slug":"blog","status":"publish","type":"page","link":"https:\/\/mayarula.si\/en\/blog\/","title":{"rendered":"Blog"},"content":{"rendered":"\t\t<div data-elementor-type=\"wp-page\" data-elementor-id=\"18059\" class=\"elementor elementor-18059 elementor-5528\" data-elementor-post-type=\"page\">\n\t\t\t\t\t\t\t\t\t<section class=\"elementor-section elementor-top-section elementor-element elementor-element-71ef47d elementor-section-full_width qodef-elementor-content-grid elementor-section-height-default elementor-section-height-default\" data-id=\"71ef47d\" data-element_type=\"section\">\n\t\t\t\t\t\t<div class=\"elementor-container elementor-column-gap-default\">\n\t\t\t\t\t<div class=\"elementor-column elementor-col-100 elementor-top-column elementor-element elementor-element-9f25632\" data-id=\"9f25632\" data-element_type=\"column\">\n\t\t\t<div class=\"elementor-widget-wrap elementor-element-populated\">\n\t\t\t\t\t\t\t\t<div class=\"elementor-element elementor-element-235ccf9 elementor-widget elementor-widget-marra_core_blog_list\" data-id=\"235ccf9\" data-element_type=\"widget\" data-widget_type=\"marra_core_blog_list.default\">\n\t\t\t\t<div class=\"elementor-widget-container\">\n\t\t\t<div class=\"qodef-shortcode qodef-m  qodef-blog qodef--list qodef-item-layout--standard qodef-centered-layout--enabled qodef-grid qodef-layout--masonry  qodef-gutter--small qodef-col-num--3 qodef-item-layout--standard qodef-pagination--on qodef-pagination-type--load-more qodef-responsive--custom qodef-col-num--1440--3 qodef-col-num--1366--3 qodef-col-num--1024--2 qodef-col-num--768--2 qodef-col-num--680--1 qodef-col-num--480--1\" data-options=\"{&quot;plugin&quot;:&quot;marra_core&quot;,&quot;module&quot;:&quot;blog\\\/shortcodes&quot;,&quot;shortcode&quot;:&quot;blog-list&quot;,&quot;post_type&quot;:&quot;post&quot;,&quot;next_page&quot;:&quot;2&quot;,&quot;max_pages_num&quot;:4,&quot;behavior&quot;:&quot;masonry&quot;,&quot;images_proportion&quot;:&quot;full&quot;,&quot;columns&quot;:&quot;3&quot;,&quot;columns_responsive&quot;:&quot;custom&quot;,&quot;columns_1440&quot;:&quot;3&quot;,&quot;columns_1366&quot;:&quot;3&quot;,&quot;columns_1024&quot;:&quot;2&quot;,&quot;columns_768&quot;:&quot;2&quot;,&quot;columns_680&quot;:&quot;1&quot;,&quot;columns_480&quot;:&quot;1&quot;,&quot;space&quot;:&quot;small&quot;,&quot;posts_per_page&quot;:&quot;6&quot;,&quot;orderby&quot;:&quot;date&quot;,&quot;order&quot;:&quot;DESC&quot;,&quot;additional_params&quot;:&quot;tax&quot;,&quot;tax&quot;:&quot;category&quot;,&quot;tax_slug&quot;:&quot;blog&quot;,&quot;layout&quot;:&quot;standard&quot;,&quot;title_tag&quot;:&quot;h4&quot;,&quot;excerpt_length&quot;:&quot;1&quot;,&quot;content_padding&quot;:&quot;0px 0px 40px 0px&quot;,&quot;pagination_type&quot;:&quot;load-more&quot;,&quot;center_content&quot;:&quot;yes&quot;,&quot;enable_image&quot;:&quot;yes&quot;,&quot;enable_author&quot;:&quot;no&quot;,&quot;enable_date&quot;:&quot;yes&quot;,&quot;enable_category&quot;:&quot;yes&quot;,&quot;enable_excerpt&quot;:&quot;no&quot;,&quot;enable_button&quot;:&quot;no&quot;,&quot;object_class_name&quot;:&quot;MarraCoreBlogListShortcode&quot;,&quot;taxonomy_filter&quot;:&quot;category&quot;,&quot;additional_query_args&quot;:{&quot;tax_query&quot;:[{&quot;taxonomy&quot;:&quot;category&quot;,&quot;field&quot;:&quot;slug&quot;,&quot;terms&quot;:&quot;blog&quot;}]},&quot;space_value&quot;:10}\">\n\t\t<div class=\"qodef-grid-inner clear\">\n\t\t\t<div class=\"qodef-grid-masonry-sizer\"><\/div>\n\t<div class=\"qodef-grid-masonry-gutter\"><\/div>\n<article class=\"qodef-e qodef-blog-item qodef-grid-item post-15398 post type-post status-publish format-standard has-post-thumbnail hentry category-blog-en\">\n\t<div class=\"qodef-e-inner\">\n\t\t<div class=\"qodef-e-media\">\n\n\t\t<div class=\"qodef-e-media-image\">\n\t\t<a itemprop=\"url\" href=\"https:\/\/mayarula.si\/en\/vitamins-in-skincare\/\">\n\t\t\t<img width=\"2560\" height=\"1708\" src=\"https:\/\/mayarula.si\/wp-content\/uploads\/2022\/07\/fresh-ripe-organic-strawberries-with-blossoming-plant-flowers-scaled.jpg\" class=\"attachment-full size-full wp-post-image\" alt=\"\" loading=\"lazy\" srcset=\"https:\/\/mayarula.si\/wp-content\/uploads\/2022\/07\/fresh-ripe-organic-strawberries-with-blossoming-plant-flowers-scaled.jpg 2560w, https:\/\/mayarula.si\/wp-content\/uploads\/2022\/07\/fresh-ripe-organic-strawberries-with-blossoming-plant-flowers-scaled-600x400.jpg 600w, https:\/\/mayarula.si\/wp-content\/uploads\/2022\/07\/fresh-ripe-organic-strawberries-with-blossoming-plant-flowers-300x200.jpg 300w, https:\/\/mayarula.si\/wp-content\/uploads\/2022\/07\/fresh-ripe-organic-strawberries-with-blossoming-plant-flowers-1024x683.jpg 1024w, https:\/\/mayarula.si\/wp-content\/uploads\/2022\/07\/fresh-ripe-organic-strawberries-with-blossoming-plant-flowers-768x513.jpg 768w, https:\/\/mayarula.si\/wp-content\/uploads\/2022\/07\/fresh-ripe-organic-strawberries-with-blossoming-plant-flowers-1536x1025.jpg 1536w, https:\/\/mayarula.si\/wp-content\/uploads\/2022\/07\/fresh-ripe-organic-strawberries-with-blossoming-plant-flowers-2048x1367.jpg 2048w\" sizes=\"(max-width: 2560px) 100vw, 2560px\" \/>\t\t<\/a>\n\t<\/div>\n<\/div>\t\t<div class=\"qodef-e-content\" style=\"padding: 0px 0px 40px 0px\">\n\t\t\t<div class=\"qodef-e-info qodef-info--top\">\n\t\t\t\t<div itemprop=\"dateCreated\" class=\"qodef-e-info-item qodef-e-info-date entry-date \">\n\t<a itemprop=\"url\" href=\"https:\/\/mayarula.si\/en\/2023\/05\/\">\n\t\t4. May, 2023\t<\/a>\n<\/div>\n<div class=\"qodef-e-info-item qodef-e-info-category\">\n\t<a href=\"https:\/\/mayarula.si\/en\/category\/blog-en\/\" rel=\"category tag\">Blog<\/a><\/div>\t\t\t<\/div>\n\t\t\t<div class=\"qodef-e-text\">\n\t\t\t\t<h4 itemprop=\"name\" class=\"qodef-e-title entry-title\">\n\t\t\t<a itemprop=\"url\" class=\"qodef-e-title-link\" href=\"https:\/\/mayarula.si\/en\/vitamins-in-skincare\/\">\n\t\t\tVitamins in skincare\t\t\t<\/a>\n\t<\/h4>\t\t\t<\/div>\n\t\t\t\t\t<\/div>\n\t<\/div>\n<\/article><article class=\"qodef-e qodef-blog-item qodef-grid-item post-15391 post type-post status-publish format-standard has-post-thumbnail hentry category-blog-en\">\n\t<div class=\"qodef-e-inner\">\n\t\t<div class=\"qodef-e-media\">\n\n\t\t<div class=\"qodef-e-media-image\">\n\t\t<a itemprop=\"url\" href=\"https:\/\/mayarula.si\/en\/the-solution-for-dry-skin-and-a-rejuvenated-look\/\">\n\t\t\t<img width=\"2560\" height=\"1703\" src=\"https:\/\/mayarula.si\/wp-content\/uploads\/2022\/07\/DR1_5443_1-scaled.jpg\" class=\"attachment-full size-full wp-post-image\" alt=\"\" loading=\"lazy\" srcset=\"https:\/\/mayarula.si\/wp-content\/uploads\/2022\/07\/DR1_5443_1-scaled.jpg 2560w, https:\/\/mayarula.si\/wp-content\/uploads\/2022\/07\/DR1_5443_1-scaled-600x399.jpg 600w, https:\/\/mayarula.si\/wp-content\/uploads\/2022\/07\/DR1_5443_1-300x200.jpg 300w, https:\/\/mayarula.si\/wp-content\/uploads\/2022\/07\/DR1_5443_1-1024x681.jpg 1024w, https:\/\/mayarula.si\/wp-content\/uploads\/2022\/07\/DR1_5443_1-768x511.jpg 768w, https:\/\/mayarula.si\/wp-content\/uploads\/2022\/07\/DR1_5443_1-1536x1022.jpg 1536w, https:\/\/mayarula.si\/wp-content\/uploads\/2022\/07\/DR1_5443_1-2048x1363.jpg 2048w\" sizes=\"(max-width: 2560px) 100vw, 2560px\" \/>\t\t<\/a>\n\t<\/div>\n<\/div>\t\t<div class=\"qodef-e-content\" style=\"padding: 0px 0px 40px 0px\">\n\t\t\t<div class=\"qodef-e-info qodef-info--top\">\n\t\t\t\t<div itemprop=\"dateCreated\" class=\"qodef-e-info-item qodef-e-info-date entry-date \">\n\t<a itemprop=\"url\" href=\"https:\/\/mayarula.si\/en\/2023\/05\/\">\n\t\t4. May, 2023\t<\/a>\n<\/div>\n<div class=\"qodef-e-info-item qodef-e-info-category\">\n\t<a href=\"https:\/\/mayarula.si\/en\/category\/blog-en\/\" rel=\"category tag\">Blog<\/a><\/div>\t\t\t<\/div>\n\t\t\t<div class=\"qodef-e-text\">\n\t\t\t\t<h4 itemprop=\"name\" class=\"qodef-e-title entry-title\">\n\t\t\t<a itemprop=\"url\" class=\"qodef-e-title-link\" href=\"https:\/\/mayarula.si\/en\/the-solution-for-dry-skin-and-a-rejuvenated-look\/\">\n\t\t\tThe solution for dry skin and a rejuvenated look\t\t\t<\/a>\n\t<\/h4>\t\t\t<\/div>\n\t\t\t\t\t<\/div>\n\t<\/div>\n<\/article><article class=\"qodef-e qodef-blog-item qodef-grid-item post-15378 post type-post status-publish format-standard has-post-thumbnail hentry category-blog-en\">\n\t<div class=\"qodef-e-inner\">\n\t\t<div class=\"qodef-e-media\">\n\n\t\t<div class=\"qodef-e-media-image\">\n\t\t<a itemprop=\"url\" href=\"https:\/\/mayarula.si\/en\/how-can-we-restore-skin-moisture-after-the-age-of-30-in-a-natural-and-effective-way\/\">\n\t\t\t<img width=\"2560\" height=\"1703\" src=\"https:\/\/mayarula.si\/wp-content\/uploads\/2022\/07\/DR2_1470-scaled.jpg\" class=\"attachment-full size-full wp-post-image\" alt=\"\" loading=\"lazy\" srcset=\"https:\/\/mayarula.si\/wp-content\/uploads\/2022\/07\/DR2_1470-scaled.jpg 2560w, https:\/\/mayarula.si\/wp-content\/uploads\/2022\/07\/DR2_1470-scaled-600x399.jpg 600w, https:\/\/mayarula.si\/wp-content\/uploads\/2022\/07\/DR2_1470-300x200.jpg 300w, https:\/\/mayarula.si\/wp-content\/uploads\/2022\/07\/DR2_1470-1024x681.jpg 1024w, https:\/\/mayarula.si\/wp-content\/uploads\/2022\/07\/DR2_1470-768x511.jpg 768w, https:\/\/mayarula.si\/wp-content\/uploads\/2022\/07\/DR2_1470-1536x1022.jpg 1536w, https:\/\/mayarula.si\/wp-content\/uploads\/2022\/07\/DR2_1470-2048x1363.jpg 2048w\" sizes=\"(max-width: 2560px) 100vw, 2560px\" \/>\t\t<\/a>\n\t<\/div>\n<\/div>\t\t<div class=\"qodef-e-content\" style=\"padding: 0px 0px 40px 0px\">\n\t\t\t<div class=\"qodef-e-info qodef-info--top\">\n\t\t\t\t<div itemprop=\"dateCreated\" class=\"qodef-e-info-item qodef-e-info-date entry-date \">\n\t<a itemprop=\"url\" href=\"https:\/\/mayarula.si\/en\/2023\/05\/\">\n\t\t4. May, 2023\t<\/a>\n<\/div>\n<div class=\"qodef-e-info-item qodef-e-info-category\">\n\t<a href=\"https:\/\/mayarula.si\/en\/category\/blog-en\/\" rel=\"category tag\">Blog<\/a><\/div>\t\t\t<\/div>\n\t\t\t<div class=\"qodef-e-text\">\n\t\t\t\t<h4 itemprop=\"name\" class=\"qodef-e-title entry-title\">\n\t\t\t<a itemprop=\"url\" class=\"qodef-e-title-link\" href=\"https:\/\/mayarula.si\/en\/how-can-we-restore-skin-moisture-after-the-age-of-30-in-a-natural-and-effective-way\/\">\n\t\t\tHow can we restore skin moisture after the age of 30 in a natural and effective way?\t\t\t<\/a>\n\t<\/h4>\t\t\t<\/div>\n\t\t\t\t\t<\/div>\n\t<\/div>\n<\/article><article class=\"qodef-e qodef-blog-item qodef-grid-item post-15322 post type-post status-publish format-standard has-post-thumbnail hentry category-blog-en\">\n\t<div class=\"qodef-e-inner\">\n\t\t<div class=\"qodef-e-media\">\n\n\t\t<div class=\"qodef-e-media-image\">\n\t\t<a itemprop=\"url\" href=\"https:\/\/mayarula.si\/en\/cooling-gel-for-after-sunbathing\/\">\n\t\t\t<img width=\"2560\" height=\"1707\" src=\"https:\/\/mayarula.si\/wp-content\/uploads\/2022\/07\/aloe-vera-slices-skin-care1-scaled.jpg\" class=\"attachment-full size-full wp-post-image\" alt=\"\" loading=\"lazy\" srcset=\"https:\/\/mayarula.si\/wp-content\/uploads\/2022\/07\/aloe-vera-slices-skin-care1-scaled.jpg 2560w, https:\/\/mayarula.si\/wp-content\/uploads\/2022\/07\/aloe-vera-slices-skin-care1-scaled-600x400.jpg 600w, https:\/\/mayarula.si\/wp-content\/uploads\/2022\/07\/aloe-vera-slices-skin-care1-300x200.jpg 300w, https:\/\/mayarula.si\/wp-content\/uploads\/2022\/07\/aloe-vera-slices-skin-care1-1024x683.jpg 1024w, https:\/\/mayarula.si\/wp-content\/uploads\/2022\/07\/aloe-vera-slices-skin-care1-768x512.jpg 768w, https:\/\/mayarula.si\/wp-content\/uploads\/2022\/07\/aloe-vera-slices-skin-care1-1536x1024.jpg 1536w, https:\/\/mayarula.si\/wp-content\/uploads\/2022\/07\/aloe-vera-slices-skin-care1-2048x1365.jpg 2048w\" sizes=\"(max-width: 2560px) 100vw, 2560px\" \/>\t\t<\/a>\n\t<\/div>\n<\/div>\t\t<div class=\"qodef-e-content\" style=\"padding: 0px 0px 40px 0px\">\n\t\t\t<div class=\"qodef-e-info qodef-info--top\">\n\t\t\t\t<div itemprop=\"dateCreated\" class=\"qodef-e-info-item qodef-e-info-date entry-date \">\n\t<a itemprop=\"url\" href=\"https:\/\/mayarula.si\/en\/2023\/04\/\">\n\t\t27. April, 2023\t<\/a>\n<\/div>\n<div class=\"qodef-e-info-item qodef-e-info-category\">\n\t<a href=\"https:\/\/mayarula.si\/en\/category\/blog-en\/\" rel=\"category tag\">Blog<\/a><\/div>\t\t\t<\/div>\n\t\t\t<div class=\"qodef-e-text\">\n\t\t\t\t<h4 itemprop=\"name\" class=\"qodef-e-title entry-title\">\n\t\t\t<a itemprop=\"url\" class=\"qodef-e-title-link\" href=\"https:\/\/mayarula.si\/en\/cooling-gel-for-after-sunbathing\/\">\n\t\t\tCooling gel for after sunbathing\t\t\t<\/a>\n\t<\/h4>\t\t\t<\/div>\n\t\t\t\t\t<\/div>\n\t<\/div>\n<\/article><article class=\"qodef-e qodef-blog-item qodef-grid-item post-15316 post type-post status-publish format-standard has-post-thumbnail hentry category-blog-en\">\n\t<div class=\"qodef-e-inner\">\n\t\t<div class=\"qodef-e-media\">\n\n\t\t<div class=\"qodef-e-media-image\">\n\t\t<a itemprop=\"url\" href=\"https:\/\/mayarula.si\/en\/natural-repellent\/\">\n\t\t\t<img width=\"2560\" height=\"1703\" src=\"https:\/\/mayarula.si\/wp-content\/uploads\/2022\/07\/DR1_1017-scaled.jpg\" class=\"attachment-full size-full wp-post-image\" alt=\"\" loading=\"lazy\" srcset=\"https:\/\/mayarula.si\/wp-content\/uploads\/2022\/07\/DR1_1017-scaled.jpg 2560w, https:\/\/mayarula.si\/wp-content\/uploads\/2022\/07\/DR1_1017-scaled-600x399.jpg 600w, https:\/\/mayarula.si\/wp-content\/uploads\/2022\/07\/DR1_1017-300x200.jpg 300w, https:\/\/mayarula.si\/wp-content\/uploads\/2022\/07\/DR1_1017-1024x681.jpg 1024w, https:\/\/mayarula.si\/wp-content\/uploads\/2022\/07\/DR1_1017-768x511.jpg 768w, https:\/\/mayarula.si\/wp-content\/uploads\/2022\/07\/DR1_1017-1536x1022.jpg 1536w, https:\/\/mayarula.si\/wp-content\/uploads\/2022\/07\/DR1_1017-2048x1363.jpg 2048w\" sizes=\"(max-width: 2560px) 100vw, 2560px\" \/>\t\t<\/a>\n\t<\/div>\n<\/div>\t\t<div class=\"qodef-e-content\" style=\"padding: 0px 0px 40px 0px\">\n\t\t\t<div class=\"qodef-e-info qodef-info--top\">\n\t\t\t\t<div itemprop=\"dateCreated\" class=\"qodef-e-info-item qodef-e-info-date entry-date \">\n\t<a itemprop=\"url\" href=\"https:\/\/mayarula.si\/en\/2023\/04\/\">\n\t\t27. April, 2023\t<\/a>\n<\/div>\n<div class=\"qodef-e-info-item qodef-e-info-category\">\n\t<a href=\"https:\/\/mayarula.si\/en\/category\/blog-en\/\" rel=\"category tag\">Blog<\/a><\/div>\t\t\t<\/div>\n\t\t\t<div class=\"qodef-e-text\">\n\t\t\t\t<h4 itemprop=\"name\" class=\"qodef-e-title entry-title\">\n\t\t\t<a itemprop=\"url\" class=\"qodef-e-title-link\" href=\"https:\/\/mayarula.si\/en\/natural-repellent\/\">\n\t\t\tNatural repellent\t\t\t<\/a>\n\t<\/h4>\t\t\t<\/div>\n\t\t\t\t\t<\/div>\n\t<\/div>\n<\/article><article class=\"qodef-e qodef-blog-item qodef-grid-item post-15295 post type-post status-publish format-standard has-post-thumbnail hentry category-blog-en\">\n\t<div class=\"qodef-e-inner\">\n\t\t<div class=\"qodef-e-media\">\n\n\t\t<div class=\"qodef-e-media-image\">\n\t\t<a itemprop=\"url\" href=\"https:\/\/mayarula.si\/en\/basic-ingredients-of-natural-cosmetics\/\">\n\t\t\t<img width=\"2560\" height=\"1703\" src=\"https:\/\/mayarula.si\/wp-content\/uploads\/2022\/07\/DR2_0713-scaled.jpg\" class=\"attachment-full size-full wp-post-image\" alt=\"\" loading=\"lazy\" srcset=\"https:\/\/mayarula.si\/wp-content\/uploads\/2022\/07\/DR2_0713-scaled.jpg 2560w, https:\/\/mayarula.si\/wp-content\/uploads\/2022\/07\/DR2_0713-scaled-600x399.jpg 600w, https:\/\/mayarula.si\/wp-content\/uploads\/2022\/07\/DR2_0713-300x200.jpg 300w, https:\/\/mayarula.si\/wp-content\/uploads\/2022\/07\/DR2_0713-1024x681.jpg 1024w, https:\/\/mayarula.si\/wp-content\/uploads\/2022\/07\/DR2_0713-768x511.jpg 768w, https:\/\/mayarula.si\/wp-content\/uploads\/2022\/07\/DR2_0713-1536x1022.jpg 1536w, https:\/\/mayarula.si\/wp-content\/uploads\/2022\/07\/DR2_0713-2048x1363.jpg 2048w\" sizes=\"(max-width: 2560px) 100vw, 2560px\" \/>\t\t<\/a>\n\t<\/div>\n<\/div>\t\t<div class=\"qodef-e-content\" style=\"padding: 0px 0px 40px 0px\">\n\t\t\t<div class=\"qodef-e-info qodef-info--top\">\n\t\t\t\t<div itemprop=\"dateCreated\" class=\"qodef-e-info-item qodef-e-info-date entry-date \">\n\t<a itemprop=\"url\" href=\"https:\/\/mayarula.si\/en\/2023\/04\/\">\n\t\t27. April, 2023\t<\/a>\n<\/div>\n<div class=\"qodef-e-info-item qodef-e-info-category\">\n\t<a href=\"https:\/\/mayarula.si\/en\/category\/blog-en\/\" rel=\"category tag\">Blog<\/a><\/div>\t\t\t<\/div>\n\t\t\t<div class=\"qodef-e-text\">\n\t\t\t\t<h4 itemprop=\"name\" class=\"qodef-e-title entry-title\">\n\t\t\t<a itemprop=\"url\" class=\"qodef-e-title-link\" href=\"https:\/\/mayarula.si\/en\/basic-ingredients-of-natural-cosmetics\/\">\n\t\t\tBasic ingredients of natural cosmetics\t\t\t<\/a>\n\t<\/h4>\t\t\t<\/div>\n\t\t\t\t\t<\/div>\n\t<\/div>\n<\/article>\t<\/div>\n\t\t<div class=\"qodef-m-pagination qodef--load-more\" >\n\t\t<div class=\"qodef-m-pagination-inner\">\n\t\t\t<a class=\"qodef-shortcode qodef-m qodef-load-more-button qodef-button qodef-layout--outlined  qodef-html--link\" href=\"#\" target=\"_self\"  >\t<span class=\"qodef-m-text\">Load More<\/span><\/a>\t\t<\/div>\n\t<\/div>\n\t<span class=\"qodef-icon-font-awesome qodef-loading-spinner fa fa-spinner fa-spin\" ><\/span><\/div>\t\t<\/div>\n\t\t\t\t<\/div>\n\t\t\t\t\t<\/div>\n\t\t<\/div>\n\t\t\t\t\t\t\t<\/div>\n\t\t<\/section>\n\t\t\t\t\t\t\t<\/div>\n\t\t","protected":false},"excerpt":{"rendered":"<p>13. septembra, 2022 Blog Na\u0161a hi\u0161a nujno potrebuje generalno \u010di\u0161\u010denje 15. junija, 2022 Blog Vitamini v kozmetiki 5. maja, 2022 Blog Son\u010dkanje in vitamin D 30. aprila, 2022 Blog Re\u0161itev za izsu\u0161eno ko\u017eo in pomlajen videz 27. marca, 2022 Blog Poletni hladilni gel za po son\u010denju 5. februarja, 2022 Blog Osnovne sestavine naravne kozmetike Ve\u010d<\/p>\n","protected":false},"author":11,"featured_media":0,"parent":0,"menu_order":0,"comment_status":"closed","ping_status":"closed","template":"page-full-width.php","meta":[],"_links":{"self":[{"href":"https:\/\/mayarula.si\/en\/wp-json\/wp\/v2\/pages\/18059"}],"collection":[{"href":"https:\/\/mayarula.si\/en\/wp-json\/wp\/v2\/pages"}],"about":[{"href":"https:\/\/mayarula.si\/en\/wp-json\/wp\/v2\/types\/page"}],"author":[{"embeddable":true,"href":"https:\/\/mayarula.si\/en\/wp-json\/wp\/v2\/users\/11"}],"replies":[{"embeddable":true,"href":"https:\/\/mayarula.si\/en\/wp-json\/wp\/v2\/comments?post=18059"}],"version-history":[{"count":2,"href":"https:\/\/mayarula.si\/en\/wp-json\/wp\/v2\/pages\/18059\/revisions"}],"predecessor-version":[{"id":18061,"href":"https:\/\/mayarula.si\/en\/wp-json\/wp\/v2\/pages\/18059\/revisions\/18061"}],"wp:attachment":[{"href":"https:\/\/mayarula.si\/en\/wp-json\/wp\/v2\/media?parent=18059"}],"curies":[{"name":"wp","href":"https:\/\/api.w.org\/{rel}","templated":true}]}}