{"id":8244,"date":"2022-08-12T09:22:48","date_gmt":"2022-08-12T07:22:48","guid":{"rendered":"http:\/\/dev.mayarula.si\/?post_type=product&#038;p=8244"},"modified":"2025-01-08T17:53:22","modified_gmt":"2025-01-08T16:53:22","slug":"razprsilo-energy-cleansing-100-ml","status":"publish","type":"product","link":"https:\/\/mayarula.si\/en\/trgovina\/uncategorized\/razprsilo-energy-cleansing-100-ml\/","title":{"rendered":"Razpr\u0161ilo za prostor &#8211; Energy cleansing 100 ml"},"content":{"rendered":"<p>\u010ce se \u017eelimo v svojem domu po\u010dutiti bolj prijetno in vanj priklicati novo energijo ter ga o\u010distiti stare, potem moramo narediti energijsko \u010di\u0161\u010denje na\u0161ega doma. In tale esenca je ravno prav\u0161nja za ta namen.<\/p>\n<p>Energijsko \u010di\u0161\u010denje prostora nam pomaga, da iz njega odstranimo vse negativne energije in nesnago. Najprej moramo prostor, stanovanje ali hi\u0161o fizi\u010dno o\u010distiti vseh stvari in narediti prostor tudi po na\u0161ih omarah in predalih, \u0161ele nato jo lahko za\u010dnemo \u010distiti energijsko. Preve\u010d stvari, ljudi lahko povzro\u010di neprijetno vzdu\u0161je v prostoru in nas ovira na marsikaterem podro\u010dju na\u0161ega \u017eivljenja. Smo namre\u010d energijska bitja in se odzivamo na energijo, ki nas obdaja. \u010ce je le-ta dobra, se tudi mi bolj\u0161e po\u010dutimo.<\/p>\n<p>Tudi stara ljudstva so poznala obredno \u010di\u0161\u010denje prostora z raznimi zeli\u0161\u010di, npr. \u017eajbljem in kadili. Na\u0161a me\u0161anica je alternativa tem pristopom in je kot nala\u0161\u010d za obnavljanje energije prostora. Izdelala je na 100% naravni osnovi. Vsebuje skrbno izbrano aromaterapevtsko me\u0161anico bosvelije, mire, \u010drne smreke, \u017eajblja, brina in grenivke v kombinaciji s kristali kamene strele in \u010drnega turnalina, ki sta primerna za \u010di\u0161\u010denje na\u0161ega doma in na\u0161ega energijskega telesa ter okoli nas ustvarjata energijsko za\u0161\u010dito. Citrin pa prostor napolni s pozitivno energijo in z njegovo pomo\u010djo si lahko obetamo ve\u010d veselja in optimizma.<\/p>\n<p>Eteri\u010dna olja so skrbno izbrana za \u010di\u0161\u010denje negativnih energij in odpravljanje slabih vibracij tako na\u0161ega doma, kot okoli na\u0161ega telesa. Nekatera od teh so odli\u010dna za dezinfekcijo zraka, tudi za dvig na\u0161ega razpolo\u017eenja. Ustvarijo ob\u010dutek \u010distosti v prostoru in v dom prinesejo lep\u0161o energijo in \u010dudovit vonj.<\/p>\n","protected":false},"excerpt":{"rendered":"<p>Razpr\u0161ilo za prostor po imenu Energy Cleansing je namenjeno energijskemu \u010di\u0161\u010denju prostora in osve\u017eitvi bivalnih in delovnih prostorov. V ekolo\u0161ko razpr\u0161ilo za prostor so ujeta naravna eteri\u010dna olja in dragoceni kristali, ki \u0161e dodatno okrepijo funkcijo energijskega \u010di\u0161\u010denja.<\/p>\n","protected":false},"featured_media":8321,"comment_status":"open","ping_status":"closed","template":"","meta":[],"product_cat":[15],"product_tag":[183],"_links":{"self":[{"href":"https:\/\/mayarula.si\/en\/wp-json\/wp\/v2\/product\/8244"}],"collection":[{"href":"https:\/\/mayarula.si\/en\/wp-json\/wp\/v2\/product"}],"about":[{"href":"https:\/\/mayarula.si\/en\/wp-json\/wp\/v2\/types\/product"}],"replies":[{"embeddable":true,"href":"https:\/\/mayarula.si\/en\/wp-json\/wp\/v2\/comments?post=8244"}],"version-history":[{"count":5,"href":"https:\/\/mayarula.si\/en\/wp-json\/wp\/v2\/product\/8244\/revisions"}],"predecessor-version":[{"id":14191,"href":"https:\/\/mayarula.si\/en\/wp-json\/wp\/v2\/product\/8244\/revisions\/14191"}],"wp:featuredmedia":[{"embeddable":true,"href":"https:\/\/mayarula.si\/en\/wp-json\/wp\/v2\/media\/8321"}],"wp:attachment":[{"href":"https:\/\/mayarula.si\/en\/wp-json\/wp\/v2\/media?parent=8244"}],"wp:term":[{"taxonomy":"product_cat","embeddable":true,"href":"https:\/\/mayarula.si\/en\/wp-json\/wp\/v2\/product_cat?post=8244"},{"taxonomy":"product_tag","embeddable":true,"href":"https:\/\/mayarula.si\/en\/wp-json\/wp\/v2\/product_tag?post=8244"}],"curies":[{"name":"wp","href":"https:\/\/api.w.org\/{rel}","templated":true}]}}