{"id":8566,"date":"2022-09-08T07:46:09","date_gmt":"2022-09-08T05:46:09","guid":{"rendered":"http:\/\/dev.mayarula.si\/?post_type=product&#038;p=8566"},"modified":"2022-09-15T16:35:05","modified_gmt":"2022-09-15T14:35:05","slug":"popolna-nega-za-okoli-oci-2","status":"publish","type":"product","link":"https:\/\/mayarula.si\/en\/trgovina\/uncategorized\/popolna-nega-za-okoli-oci-2\/","title":{"rendered":"POPOLNA NEGA ZA OKOLI O\u010cI"},"content":{"rendered":"<p>V tem paketku sta dva izdelka za nego ko\u017ee okoli o\u010di, ki se med seboj lepo dopolnjujeta in pri\u010darata pravo razko\u0161no nego. Najprej je smiselno ne\u017eno vtreti v ko\u017eo okoli o\u010di Peptidni fluid za okoli o\u010di, nato z blazinico prsta ne\u017eno nanesti \u0161e manj\u0161o koli\u010dino Lipokoncentrata za okoli o\u010di, ki ima teksturo mazila. Peptidni fluid za okoli o\u010di je lahka vla\u017eilna emulziija, ki ko\u017eo intenzivno navla\u017ei, jo po\u017eivi in zmanj\u0161a videz podo\u010dnjakov. Zahvaljujo\u010d \u0161tevilnim rastlinskim izvle\u010dkom in peptidom zagotavlja tudi odli\u010dno obnovitveno nego in pripomore k pomlajevalnemu delovanju. Primeren je za vse tipe ko\u017e, \u0161e posebej vesela pa ga bo suha in zrela ko\u017ea. Za prijeten vonj poskrbijo eteri\u010dna olja smilja, sandalovine in rimske kamilice. Tekstura fluida omogo\u010da prijeten nanos. Ob\u010dutek med nanosom je sve\u017e, lahek in negovalen. Po nanosu je ko\u017ea mehka, svilena in dolgotrajno navla\u017eena. Lipokoncentrat za okoli o\u010di je namenjen intenzivni antioksidativni negi. Vse sestavine so skrbno izbrane za ob\u010dutljivo podro\u010dje okoli o\u010di in so osredoto\u010dene na nego zrele ko\u017ee. S svojimi izjemnimi lastnostmi regeneracije in antioksidativnim delovanjem ko\u017eo globinsko nahranijo in navla\u017eijo. Rezultat je po\u017eivitev in pomladitev ko\u017ee okoli o\u010di. Mazilo ima zna\u010dilen vonj listov zelenega \u010daja, ki se lepo dopolnjuje s senenim vonjem smilja in \u0161e drugimi eteri\u010dnimi olji. Ob\u010dutek po nanosu je nemasten, mehak in izjemno negovalen. Ob kombinirani uporabi obeh izdelkov je ko\u017ea okoli o\u010di \u0161e posebej navla\u017eena in nahranjena cel dan. Opazno se zmanj\u0161a tudi videz podo\u010dnjakov.<\/p>\n","protected":false},"excerpt":{"rendered":"<div id=\"product-options-wrapper\" class=\"product-options\">\n<dl class=\"last\">\n<dt>\n<div id=\"product-options-wrapper\" class=\"product-options\">\n<dl class=\"last\">\n<dt><label class=\"required\">VSEBUJE:<\/label><\/dt>\n<dt>1 x Peptidni fluid za okoli o\u010di 15 ml<\/dt>\n<dt>1 x Lipokoncentrat za okoli o\u010di 15 ml<\/dt>\n<\/dl>\n<\/div>\n<div class=\"clearer\"><\/div>\n<\/dt>\n<\/dl>\n<\/div>\n","protected":false},"featured_media":8568,"comment_status":"open","ping_status":"closed","template":"","meta":[],"product_cat":[15],"product_tag":[34,42],"_links":{"self":[{"href":"https:\/\/mayarula.si\/en\/wp-json\/wp\/v2\/product\/8566"}],"collection":[{"href":"https:\/\/mayarula.si\/en\/wp-json\/wp\/v2\/product"}],"about":[{"href":"https:\/\/mayarula.si\/en\/wp-json\/wp\/v2\/types\/product"}],"replies":[{"embeddable":true,"href":"https:\/\/mayarula.si\/en\/wp-json\/wp\/v2\/comments?post=8566"}],"version-history":[{"count":2,"href":"https:\/\/mayarula.si\/en\/wp-json\/wp\/v2\/product\/8566\/revisions"}],"predecessor-version":[{"id":8569,"href":"https:\/\/mayarula.si\/en\/wp-json\/wp\/v2\/product\/8566\/revisions\/8569"}],"wp:featuredmedia":[{"embeddable":true,"href":"https:\/\/mayarula.si\/en\/wp-json\/wp\/v2\/media\/8568"}],"wp:attachment":[{"href":"https:\/\/mayarula.si\/en\/wp-json\/wp\/v2\/media?parent=8566"}],"wp:term":[{"taxonomy":"product_cat","embeddable":true,"href":"https:\/\/mayarula.si\/en\/wp-json\/wp\/v2\/product_cat?post=8566"},{"taxonomy":"product_tag","embeddable":true,"href":"https:\/\/mayarula.si\/en\/wp-json\/wp\/v2\/product_tag?post=8566"}],"curies":[{"name":"wp","href":"https:\/\/api.w.org\/{rel}","templated":true}]}}